{"id":1594,"date":"2020-05-22T18:27:33","date_gmt":"2020-05-22T18:27:33","guid":{"rendered":"https:\/\/staging.capdeball.com\/?page_id=1594"},"modified":"2020-06-30T16:29:02","modified_gmt":"2020-06-30T16:29:02","slug":"termes-i-condicions-generals","status":"publish","type":"page","link":"https:\/\/capdeball.com\/ca\/termes-i-condicions-generals\/","title":{"rendered":"Termes i condicions generals"},"content":{"rendered":"<p><b>TERMES i CONDICIONS<\/b><\/p>\n<p><b>A. INFORMACI\u00d3 GENERAL<\/b><\/p>\n<p>La titularitat d\u2019aquest lloc web, <a href=\"http:\/\/capdeball.com\">capdeball.com<\/a> (en endavant lloc web) l\u2019ostenta: Cap de Ball S.L., prove\u00efda de C.I.F.: B-55533350 i inscrita en el Registre Mercantil; i les dades de contacte s\u00f3n: c\/ Adri\u00e0 d\u2019Utrecht, 1 \u2013 Tortosa \u2013 capdeball@capdeball.com.<\/p>\n<p>Aquest document (aix\u00ed com tots els altres documents que aqu\u00ed es mencionen) regula les condicions per les quals es regeix l\u2019\u00fas d\u2019aquest Lloc Web (capdeball.com.) i la compra o adquisici\u00f3 de productes i \/ o serveis en el mateix (en endavant, Condicions).<\/p>\n<p>A efectes d\u2019aquestes Condicions s\u2019ent\u00e9n que l\u2019activitat que capdeball.com desenvolupa a trav\u00e9s del Lloc Web compr\u00e8n:<\/p>\n<p><b>La reserva i pagament dels productes.<\/b><\/p>\n<p>A m\u00e9s de llegir les presents Condicions, abans d\u2019accedir, navegar i \/ o utilitzar aquesta p\u00e0gina web, l\u2019Usuari ha d\u2019haver llegit l\u2019Av\u00eds Legal i les Condicions Generals d\u2019\u00fas, incloent-hi, la pol\u00edtica de cookies, i la pol\u00edtica de privacitat i de protecci\u00f3 de dades de capdeball.com.<\/p>\n<p>En utilitzar aquest lloc web o a el fer i \/ o sol\u00b7licitar l\u2019adquisici\u00f3 d\u2019un producte i \/ o servei a trav\u00e9s de la mateixa l\u2019Usuari consent quedar vinculat per aquestes Condicions i per tot l\u2019anteriorment esmentat, pel que si no est\u00e0 d\u2019acord amb tot aix\u00f2, no ha d\u2019usar aquest Lloc Web.<\/p>\n<p>Aix\u00ed mateix, s\u2019informa que aquestes Condicions podrien ser modificades. L\u2019Usuari \u00e9s responsable de consultar-cada vegada que accedeixi, navegui i\/o utilitzeu el Lloc Web, ja que seran aplicables aquelles que es troben vigents en el moment en qu\u00e8 se sol\u00b7liciti l\u2019adquisici\u00f3 de productes i \/ o serveis.<\/p>\n<p>Per a totes les preguntes que l\u2019Usuari pugui tenir en relaci\u00f3 amb les Condicions pot posar-se en contacte amb el titular utilitzant les dades de contacte facilitades m\u00e9s amunt o, si escau, utilitzant el formulari de contacte.<\/p>\n<p><b>B. L<\/b>\u2019<b>USUARI<\/b><\/p>\n<p>L\u2019acc\u00e9s, la navegaci\u00f3 i \u00fas del Lloc Web, confereix la condici\u00f3 d\u2019usuari (en endavant referit, indistintament, individualment com Usuari o conjuntament com a Usuaris), per la que s\u2019accepten, des que s\u2019inicia la navegaci\u00f3 pel lloc web, totes les Condicions aqu\u00ed establertes, aix\u00ed com les seves ulteriors modificacions, sense perjudici de l\u2019aplicaci\u00f3 de la corresponent normativa legal d\u2019obligat compliment segons el cas.<\/p>\n<p>L\u2019Usuari assumeix la seva responsabilitat d\u2019un \u00fas correcte del Lloc Web. Aquesta responsabilitat s\u2019estendr\u00e0 a:<\/p>\n<p>Fer \u00fas d\u2019aquest lloc web \u00fanicament per realitzar consultes i compres o adquisicions legalment v\u00e0lides.<\/p>\n<p>No realitzar cap compra falsa o fraudulenta. Si raonablement es pogu\u00e9s considerar que s\u2019ha fet una compra d\u2019aquesta \u00edndole, podria ser anul\u00b7lada i s\u2019informaria les autoritats pertinents.<\/p>\n<p>Facilitar dades de contacte veraces i l\u00edcits, per exemple, adre\u00e7a de correu electr\u00f2nic, adre\u00e7a postal i \/ o altres dades (vegeu Av\u00eds Legal i condicions generals d\u2019\u00fas). S\u2019ha d\u2019afegir enlla\u00e7 a la p\u00e0gina corresponent.<\/p>\n<p>L\u2019usuari declara ser major de 18 anys i tenir capacitat legal per a acceptar contractes a trav\u00e9s d\u2019aquest Lloc Web.<\/p>\n<p>El lloc web est\u00e0 dirigit principalment a Usuaris residents a Espanya capdeball.com assegura que el lloc web compleixi amb legislacions d\u2019altres pa\u00efsos, sigui total o parcialment. Capdeball.com declina tota responsabilitat que es pugui derivar d\u2019aquest acc\u00e9s, aix\u00ed com tampoc assegura enviaments o prestaci\u00f3 de serveis fora d\u2019Espanya.<\/p>\n<p>L\u2019Usuari podr\u00e0 formalitzar, a elecci\u00f3 seva, amb capdeball.com el contracte de compravenda dels productes i \/ o serveis desitjats en qualsevol dels idiomes en qu\u00e8 les presents Condicions estiguin disponibles en aquest Lloc Web.<\/p>\n<p><b>C. PROC\u00c9S DE COMPRA O ADQUISICI\u00d3<\/b><\/p>\n<p>Els Usuaris degudament registrats poden comprar al Lloc Web pels mitjans i formes establerts. Hauran de seguir el procediment de compra i \/ o adquisici\u00f3 en l\u00ednia de capdeball.com, durant el qual diversos productes i \/ o serveis poden ser seleccionats i afegits a la cistella o espai final de compra i, finalment, fer clic a: \u201cPAGAMENT AMB TARGETA\u201d o \u201cPAGAMENT AMB BIZUM\u201d.<\/p>\n<p>Aix\u00ed mateix, l\u2019Usuari haur\u00e0 d\u2019omplir i \/ o comprovar la informaci\u00f3 que en cada pas se li prega, per\u00f2, durant el proc\u00e9s de compra, abans de realitzar el pagament, es poden modificar les dades de la compra.<\/p>\n<p>Seguidament, l\u2019Usuari rebr\u00e0 un correu electr\u00f2nic confirmant que capdeball.com ha rebut la seva comanda o sol\u00b7licitud de compra i \/ o prestaci\u00f3 de servei, \u00e9s a dir, la confirmaci\u00f3 de la comanda. I, si \u00e9s el cas, se l\u2019informar\u00e0, igualment, mitjan\u00e7ant correu electr\u00f2nic quan la seva compra estigui confirmada. Si \u00e9s el cas, aquestes informacions tamb\u00e9 podrien posar-se a disposici\u00f3 de l\u2019Usuari a trav\u00e9s del seu espai personal de connexi\u00f3 al Lloc Web.<\/p>\n<p>L\u2019Usuari pot obtenir<span class=\"Apple-converted-space\">\u00a0 <\/span>la seva factura, sol\u00b7licitant-la per correu electr\u00f2nic a capdeball@capdeball.com<\/p>\n<p>L\u2019Usuari reconeix estar al corrent, en el moment de la compra, de certes condicions particulars de venda que concerneixen el producte i\/o servei en q\u00fcesti\u00f3 i que es mostren al costat de la presentaci\u00f3 o, si escau, imatge d\u2019aquest en la seva p\u00e0gina del Lloc Web, indicant, de manera enunciativa, per\u00f2 no exhaustiu, i atenent a cada cas: nom, preu, components, pes, quantitat, color, detalls dels productes, o caracter\u00edstiques, mode en el qual es duran a terme i \/ o cost de les prestacions; i reconeix que la realitzaci\u00f3 de la comanda de compra o adquisici\u00f3 materialitza l\u2019acceptaci\u00f3 plena i completa de les condicions particulars de venda aplicables a cada cas.<\/p>\n<p>Les comunicacions, ordres de compra i pagaments que intervinguin durant les transaccions efectuades al lloc web podrien ser arxivades i conservades en els registres informatitzats de capdeball.com per tal de constituir un mitj\u00e0 de prova de les transaccions, en tot cas, respectant les condicions raonables de seguretat i les lleis i normatives vigents que referent a aix\u00f2 apliquen, i particularment atenent a la LOPDGDD i als drets que assisteixen als Usuaris d\u2019acord amb la pol\u00edtica de privacitat d\u2019aquest lloc web (Av\u00eds Legal i condicions generals d\u2019\u00fas).<\/p>\n<p><b>D. DISPONIBILITAT<\/b><\/p>\n<p>Totes les comandes de compra rebudes per capdeball.com mitjan\u00e7ant el lloc web estan subjectes a la disponibilitat dels productes i \/ o al fet que cap circumst\u00e0ncia o causa de for\u00e7a major (cl\u00e0usula H d\u2019aquestes Condicions) afecti el subministrament dels mateixos i \/ o a la prestaci\u00f3 dels serveis. Si es produ\u00efssin dificultats pel que fa al subministrament de productes o no quedessin productes en estoc, capdeball.com es compromet a contactar a l\u2019Usuari i reemborsar qualsevol quantitat que pogu\u00e9s haver estat abonada en concepte d\u2019import. Aix\u00f2 tamb\u00e9 \u00e9s aplicable en els casos en qu\u00e8 la prestaci\u00f3 d\u2019un servei esdevingu\u00e9s irrealitzable.<\/p>\n<p><b>E. PREUS I PAGAMENT<\/b><\/p>\n<p>Els preus exhibits en el Lloc Web s\u00f3n els finals, en euros (\u20ac) i inclouen els impostos, llevat que per exig\u00e8ncia legal, especialment pel que fa a l\u2019IVA, s\u2019assenyali i apliqui q\u00fcesti\u00f3 diferent.<\/p>\n<p>Els preus poden canviar en qualsevol moment, per\u00f2 els possibles canvis no afectaran les comandes o compres respecte als que l\u2019Usuari ja hagi rebut una confirmaci\u00f3 de comanda.<\/p>\n<p>Els mitjans de pagament acceptats ser\u00e0: Targeta de cr\u00e8dit o d\u00e8bit o Bizum.<\/p>\n<p>Les targetes de cr\u00e8dit estaran subjectes a comprovacions i autoritzacions per part de l\u2019entitat banc\u00e0ria emissora d\u2019aquestes, si l\u2019entitat no autoritz\u00e9s el pagament, capdeball.com no ser\u00e0 responsable per cap retard o falta de lliurament i no podr\u00e0 formalitzar cap contracte amb l\u2019Usuari.<\/p>\n<p>En tot cas, en fer clic a \u201cFER PAGAMENT AMB TARGETA\u201d o \u201cFER PAGAMENT AMB BIZUM\u201d l\u2019Usuari confirma que el m\u00e8tode de pagament utilitzat \u00e9s seu o que, si s\u2019escau, \u00e9s el leg\u00edtim posse\u00efdor de la targeta regal o de la targeta abonament.<\/p>\n<p><b>F. MITJANS T\u00c8CNICS PER A CORREGIR ERRORS<\/b><\/p>\n<p>Es posa en coneixement de l\u2019Usuari que en cas que detecti que s\u2019ha produ\u00eft un error en introduir dades necess\u00e0ries per a processar la sol\u00b7licitud de compra en el Lloc Web, pot modificar els mateixos posant-se en contacte amb capdeball.com a trav\u00e9s dels espais de contacte habilitats en el Lloc Web, i, si s\u2019escau, a trav\u00e9s d\u2019aquells habilitats per contactar amb el servei d\u2019atenci\u00f3 a client, i \/ o utilitzant les dades de contacte facilitades en la cl\u00e0usula primera (Informaci\u00f3 general). Aix\u00ed mateix, aquestes informacions tamb\u00e9 podrien esmenar per l\u2019Usuari a trav\u00e9s del seu espai personal de connexi\u00f3 al Lloc Web.<\/p>\n<p>En qualsevol cas, l\u2019Usuari, abans de fer clic a \u201cFER PAGAMENT AMB TARGETA\u201d o \u201cFER PAGAMENT AMB BIZUM\u201d, t\u00e9 acc\u00e9s a l\u2019espai, carret, o cistella on es van anotant les seves sol\u00b7licituds de compra i pot fer modificacions.<\/p>\n<p>De la mateixa manera, es remet a l\u2019Usuari a consultar l\u2019Av\u00eds Legal i condicions generals d\u2019\u00fas per a demanar m\u00e9s informaci\u00f3 sobre com exercir el seu dret de rectificaci\u00f3 segons el que estableix la Llei Org\u00e0nica 15\/1999, de 13 de desembre, de protecci\u00f3 de dades de car\u00e0cter personal.<\/p>\n<p><b>G. DEVOLUCIONS<\/b><\/p>\n<p>En els casos en qu\u00e8 l\u2019Usuari adquir\u00eds productes en o trav\u00e9s del Lloc Web de titular, l\u2019assisteixen una s\u00e8rie de drets, tal com s\u2019enumeren i descriuen a continuaci\u00f3:<\/p>\n<p>Dret de Desistiment<\/p>\n<p>L&#8217;Usuari, com a consumidor i usuari, realitza una compra en el Lloc Web i, per tant t\u00e9 dret a desistir d\u2019aquesta compra segons la Llei 3\/2014, de 27 de mar\u00e7 (https:\/\/www.boe.es\/boe_catalan\/dias\/2014\/03\/28\/pdfs\/BOE-A-2014-3329-C.pdf) . Si b\u00e9, com a excepci\u00f3, no es tindr\u00e0 dret de desistiment (entre altres) en els productes que puguin fer-se malb\u00e9 amb rapidesa, o estiguin precintats i no siguin aptes per al retorn per raons de salut o d\u2019higiene o que s\u2019hagin desprecintat despr\u00e9s del lliurament.<\/p>\n<p>Garanties<\/p>\n<p>L\u2019Usuari, com a consumidor i usuari, gaudeix de garanties sobre els productes que pugui adquirir a trav\u00e9s d\u2019aquest lloc web, en els termes legalment establerts per a cada tipus de producte.<\/p>\n<p>En aquest sentit, s\u2019ent\u00e9n que els productes s\u00f3n conformes amb el contracte sempre que: s\u2019ajustin a la descripci\u00f3 realitzada per capdeball.com i posseeixin les qualitats presentades en aquesta; siguin aptes per als usos a qu\u00e8 ordin\u00e0riament es destinen els productes del mateix tipus; i presentin la qualitat i prestacions habituals d\u2019un producte del mateix tipus i que siguin fonamentalment esperables d\u2019aquest.<\/p>\n<p><b>H. EXONERACI\u00d3 DE RESPONSABILITAT<\/b><\/p>\n<p>Excepte disposici\u00f3 legal en sentit contrari, capdeball.com no acceptar\u00e0 cap responsabilitat per les seg\u00fcents p\u00e8rdues, amb independ\u00e8ncia del seu origen:<\/p>\n<p>\u25cf capdeball.com aplica totes les mesures concernents a proporcionar una visualitzaci\u00f3 fidel del producte al lloc web, per\u00f2 no es responsabilitza per les m\u00ednimes difer\u00e8ncies o inexactituds que puguin existir a causa de falta de resoluci\u00f3 de la pantalla, o problemes del navegador que s\u2019utilitzi o altres d\u2019aquesta \u00edndole.<\/p>\n<p>\u25cf Errors t\u00e8cnics que per causes fortu\u00eftes o d\u2019una altra \u00edndole, impedeixin un normal funcionament del servei a trav\u00e9s d\u2019internet. Manca de disponibilitat del Lloc Web per raons de manteniment o altres, que impedeixi disposar de el servei.capdeball.com posa tots els mitjans al seu abast a l\u2019efecte de dur a terme el proc\u00e9s de compra, pagament i enviament \/ lliurament dels serveis o productes, no obstant aix\u00f2 s\u2019eximeix de responsabilitat per causes que no li siguin imputables, cas fortu\u00eft o for\u00e7a major.<\/p>\n<p>\u25cf En general, capdeball.com no es responsabilitzar\u00e0 per cap incompliment o retard en el compliment d\u2019alguna de les obligacions assumides, quan el mateix es degui a esdeveniments que estan fora del nostre control raonable, \u00e9s a dir, que es deguin a causa de for\u00e7a major.<\/p>\n<p>D\u2019aquesta manera, les obligacions quedaran suspeses durant el per\u00edode en qu\u00e8 la causa de for\u00e7a major continu\u00ef, i capdeball.com disposar\u00e0 d\u2019una ampliaci\u00f3 en el termini per complir-les per un per\u00edode de temps igual a qu\u00e8 duri la causa de for\u00e7a major.<\/p>\n<p>capdeball.com posar\u00e0 tots els mitjans raonables per trobar una soluci\u00f3 que ens permeti complir les nostres obligacions tot i la causa de for\u00e7a major.<\/p>\n<p><b>I. COMUNICACIONS PER ESCRIT I NOTIFICACIONS<\/b><\/p>\n<p>Mitjan\u00e7ant l\u2019\u00fas d\u2019aquest lloc web, l\u2019Usuari accepta que la major part de les comunicacions amb capdeball.com siguin electr\u00f2niques (correu electr\u00f2nic o avisos publicats al lloc web).<\/p>\n<p>A efectes contractuals, l\u2019Usuari consenteix a usar aquest mitj\u00e0 electr\u00f2nic de comunicaci\u00f3 i reconeix que tot contracte, notificaci\u00f3, informaci\u00f3 i altres comunicacions que capdeball.com envi\u00ef de forma electr\u00f2nica compleixen amb els requisits legals de ser per escrit. Aquesta condici\u00f3 no afectar\u00e0 els drets reconeguts per llei a l\u2019Usuari.<\/p>\n<p>L\u2019usuari pot enviar notificacions i \/ o comunicar-se amb capdeball.com a trav\u00e9s de les dades de contacte que en aquestes Condicions es faciliten i, si s\u2019escau, a trav\u00e9s dels espais de contacte del Lloc Web.<\/p>\n<p>Igualment, llevat que s\u2019estipuli el contrari, capdeball.com pot contactar i \/ o notificar a l\u2019Usuari en el seu correu electr\u00f2nic a l\u2019adre\u00e7a postal facilitada.<\/p>\n<p><b>J. REN\u00daNCIA<\/b><\/p>\n<p>Cap ren\u00fancia de capdeball.com a un dret o acci\u00f3 legal concreta o la manca de requeriment per capdeball.com de compliment estricte per l\u2019Usuari d\u2019alguna de les seves obligacions suposar\u00e0, ni una ren\u00fancia a altres drets o accions derivats d\u2019un contracte o de les Condicions, ni exonera l\u2019Usuari de l\u2019acompliment de les seves obligacions.<\/p>\n<p>Cap ren\u00fancia de capdeball.com a alguna de les presents Condicions o als drets o accions derivats d\u2019un contracte t\u00e9 efecte, llevat que s\u2019estableixi expressament que \u00e9s una ren\u00fancia i es formalitzi i se li comuniqui a l\u2019Usuari per escrit.<\/p>\n<p><b>K. NUL\u00b7LITAT<\/b><\/p>\n<p>Si alguna de les presents Condicions fossin declarades nul\u00b7les i sense efecte per resoluci\u00f3 ferma dictada per autoritat competent, la resta de les cl\u00e0usules romandran en vigor, sense que quedin afectades per aquesta declaraci\u00f3 de nul\u00b7litat.<\/p>\n<p><b>L. ACORD COMPLET<\/b><\/p>\n<p>Les presents Condicions i tot document a qu\u00e8 es faci refer\u00e8ncia expressa en aquestes constitueixen l\u2019acord \u00edntegre existent entre l\u2019Usuari i capdeball.com en relaci\u00f3 amb l\u2019objecte de compravenda i substitueixen qualsevol altre pacte, acord o promesa anterior convinguda verbalment o per escrit per les mateixes parts.<\/p>\n<p>L\u2019Usuari i capdeball.com reconeixen haver consentit la formalitzaci\u00f3 d\u2019un contracte sense haver confiat en cap declaraci\u00f3 o promesa feta per l\u2019altra part, llevat all\u00f2 que figura expressament esmentat en les presents Condicions.<\/p>\n<p><b>M. PROTECCI\u00d3 DE DADES<\/b><\/p>\n<p>La informaci\u00f3 o dades de car\u00e0cter personal que l\u2019Usuari faciliti a capdeball.com en el curs d\u2019una transacci\u00f3 en el Lloc Web, seran tractades d\u2019acord amb el que estableixen les pol\u00edtiques de protecci\u00f3 de dades (Av\u00eds Legal i condicions generals d\u2019\u00fas). En fer accedir, navegar i\/o utilitzar el Lloc Web l\u2019Usuari consent el tractament d\u2019aquesta informaci\u00f3 i dades i declara que tota la informaci\u00f3 o dades que facilita s\u00f3n veraces.<\/p>\n<p><b>N. LLEI APLICABLE I JURISDICCI\u00d3<\/b><\/p>\n<p>Per a la resoluci\u00f3 de totes les controv\u00e8rsies o q\u00fcestions relacionades amb el present lloc web o de les activitats en ell desenvolupades, ser\u00e0 d\u2019aplicaci\u00f3 la legislaci\u00f3 espanyola, a la qual se sotmeten expressament les parts, sent competents per a la resoluci\u00f3 de tots els conflictes derivats o relacionats amb el seu \u00fas els Jutjats i Tribunals m\u00e9s propers a TORTOSA.<\/p>\n<p><b>O. QUEIXES I RECLAMACIONS<\/b><\/p>\n<p>L\u2019usuari pot fer arribar a capdeball.com les seves queixes, reclamacions o tot altre comentari que desitgi realitzar a trav\u00e9s de les dades de contacte que es faciliten al principi d\u2019aquestes Condicions (Informaci\u00f3 General).<\/p>\n<p>A m\u00e9s, capdeball.com disposa de fulls oficials de reclamaci\u00f3 a disposici\u00f3 dels consumidors i usuaris, i que aquests poden sol\u00b7licitar a capdeball.com en qualsevol moment, utilitzant les dades de contacte que es faciliten a el principi d\u2019aquestes Condicions (Informaci\u00f3 General).<\/p>\n<p>Aix\u00ed mateix, si de la formalitzaci\u00f3 d\u2019aquest contracte de compra entre capdeball.com i l\u2019Usuari eman\u00e9s una controv\u00e8rsia, l\u2019Usuari com a consumidor pot demanar una soluci\u00f3 extrajudicial de controv\u00e8rsies, d\u2019acord amb el Reglament UE No 524\/2013 del Parlament Europeu i de Consell, de 21 de maig de 2013, sobre resoluci\u00f3 de litigis en l\u00ednia en mat\u00e8ria de consum. Podeu accedir a aquest m\u00e8tode a trav\u00e9s de la p\u00e0gina web: http:\/\/ec.europa.eu\/consumers\/odr\/.<\/p>\n","protected":false},"excerpt":{"rendered":"<p>TERMES i CONDICIONS A. INFORMACI\u00d3 GENERAL La titularitat d\u2019aquest lloc web, capdeball.com (en endavant lloc web) l\u2019ostenta: Cap de Ball S.L., prove\u00efda de C.I.F.: B-55533350 i inscrita en el Registre Mercantil; i les dades de contacte s\u00f3n: c\/ Adri\u00e0 d\u2019Utrecht, 1 \u2013 Tortosa \u2013 capdeball@capdeball.com. Aquest document (aix\u00ed com tots els altres documents que aqu\u00ed [&hellip;]<\/p>\n","protected":false},"author":1,"featured_media":0,"parent":0,"menu_order":0,"comment_status":"closed","ping_status":"closed","template":"","meta":{"footnotes":""},"class_list":["post-1594","page","type-page","status-publish","hentry"],"_links":{"self":[{"href":"https:\/\/capdeball.com\/ca\/wp-json\/wp\/v2\/pages\/1594","targetHints":{"allow":["GET"]}}],"collection":[{"href":"https:\/\/capdeball.com\/ca\/wp-json\/wp\/v2\/pages"}],"about":[{"href":"https:\/\/capdeball.com\/ca\/wp-json\/wp\/v2\/types\/page"}],"author":[{"embeddable":true,"href":"https:\/\/capdeball.com\/ca\/wp-json\/wp\/v2\/users\/1"}],"replies":[{"embeddable":true,"href":"https:\/\/capdeball.com\/ca\/wp-json\/wp\/v2\/comments?post=1594"}],"version-history":[{"count":3,"href":"https:\/\/capdeball.com\/ca\/wp-json\/wp\/v2\/pages\/1594\/revisions"}],"predecessor-version":[{"id":2892,"href":"https:\/\/capdeball.com\/ca\/wp-json\/wp\/v2\/pages\/1594\/revisions\/2892"}],"wp:attachment":[{"href":"https:\/\/capdeball.com\/ca\/wp-json\/wp\/v2\/media?parent=1594"}],"curies":[{"name":"wp","href":"https:\/\/api.w.org\/{rel}","templated":true}]}}