{"id":2887,"date":"2020-06-30T15:59:14","date_gmt":"2020-06-30T15:59:14","guid":{"rendered":"https:\/\/capdeball.com\/politica-de-privacitat-de-capdeball-s-l\/"},"modified":"2020-06-30T15:59:14","modified_gmt":"2020-06-30T15:59:14","slug":"politica-de-privacitat-de-capdeball-s-l","status":"publish","type":"page","link":"https:\/\/capdeball.com\/ca\/politica-de-privacitat-de-capdeball-s-l\/","title":{"rendered":"POL\u00cdTICA DE PRIVACITAT DE CAPDEBALL S.L."},"content":{"rendered":"<div class=\"wpb-content-wrapper\"><p>[vc_row][vc_column][vc_column_text]<b>POL\u00cdTICA DE PRIVACITAT DE CAPDEBALL S.L.<\/b><\/p>\n<p>Davant la inquietud d&#8217;accedir a la nostra p\u00e0gina web, li volem informar de la nostra Pol\u00edtica de Privacitat actualitzada i de la destinaci\u00f3 de les dades personals que vost\u00e8 ens facilita, incloent-hi aquelles que recaptem pel fet de navegar al nostre web.<\/p>\n<ol>\n<li><b>IDENTIFICACI\u00d3 DEL RESPONSABLE<span class=\"Apple-converted-space\">\u00a0<\/span><\/b><\/li>\n<\/ol>\n<p><b> Titular<\/b>: CAPDEBALL S.L. (d\u2019ara endavant CAPDEBALL)<span class=\"Apple-converted-space\">\u00a0<\/span><\/p>\n<p><b>Domicili social<\/b>: Carrer Adri\u00e0 d\u2019Utrecht, 1, 43500 Tortosa <b>C.I.F: <\/b>B-55533350<\/p>\n<p><b>Correu electr\u00f2nic<\/b>: braseria@capdeball.com<span class=\"Apple-converted-space\">\u00a0<\/span><\/p>\n<ol start=\"2\">\n<li><b>INFORMACI\u00d3 I CONSENTIMENT<span class=\"Apple-converted-space\">\u00a0<\/span><\/b><\/li>\n<\/ol>\n<p>De conformitat amb el que es disposa en el Reglament General UE 679\/2016 de Protecci\u00f3 de Dades (d&#8217;ara endavant, \u201c<b>RGPD<\/b>\u201d) i en la Llei org\u00e0nica 3\/2018, de 5 de desembre, de Protecci\u00f3 de Dades i Garantia dels Drets Digitals (d&#8217;ara endavant, \u201c<b>LOPDGDD<\/b>\u201d) mitjan\u00e7ant l&#8217;acceptaci\u00f3 de la present Pol\u00edtica de Privacitat l&#8217;usuari web (d&#8217;ara endavant, el \u201c<b>Usuari<\/b>\u201d) <b>PRESTA EL SEU CONSENTIMENT<\/b> informat, expr\u00e9s, lliure i inequ\u00edvoc per a tractar les dades personals recaptades a trav\u00e9s del lloc web https:\/\/capdeball.com (d&#8217;ara endavant, el \u201c<b>Lloc web<\/b>\u201d) ja sigui trav\u00e9s de formularis habilitats a aquest efecte o b\u00e9 a trav\u00e9s de la informaci\u00f3 recaptada per les cookies. Aix\u00ed mateix, l&#8217;Usuari consent que aquestes dades siguin tractades per CAPDEBALL per a prestar els seus serveis aplicant les mesures organitzatives i de seguretat requerides pel RGPD. Totes les dades personals sol\u00b7licitats a l&#8217;Usuari en el Lloc web s\u00f3n obligatoris, no sent possible prestar cadascun dels serveis sense el corresponent tractament de dades per part de CAPDEBALL. Aix\u00f2 no obstant, la navegaci\u00f3 en el Lloc web \u00e9s lliure i gratu\u00efta. L&#8217;Usuari garanteix que les dades personals facilitades a CAPDEBALL s\u00f3n certs i exactes, per la qual cosa CAPDEBALL no es far\u00e0 responsable de qualsevol incid\u00e8ncia derivada de la inexactitud o falsedat de la informaci\u00f3 proporcionada pels Usuaris, m\u00e9s enll\u00e0 de la possibilitat que t\u00e9 l&#8217;Usuari d&#8217;exercitar el seu dret de rectificaci\u00f3. En el cas que l&#8217;Usuari faciliti dades de terceres persones, com a responsable o encarregat del tractament, ser\u00e0 responsable de complir amb tota la normativa de protecci\u00f3 de dades aplicable. A m\u00e9s, l&#8217;Usuari garanteix que ha obtingut tots els consentiments, autoritzacions i\/o aprovacions legalment necess\u00e0ries abans d&#8217;incloure dades personals de tercers en el Lloc web.<\/p>\n<ol start=\"3\">\n<li><b>PROCED\u00c8NCIA, FINALITAT I BASE JUR\u00cdDICA<span class=\"Apple-converted-space\">\u00a0<\/span><\/b><\/li>\n<\/ol>\n<p>Les dades personals de l\u2019Usuari, o de tercers, que siguin cedides per l\u2019Usuari, seran tractades de manera confidencial i quedaran incorporades a la corresponent activitat de tractament de CAPDEBALL.<span class=\"Apple-converted-space\">\u00a0<\/span><\/p>\n<p>Les activitats de tractament dutes a terme per capdeball s\u00f3n les seg\u00fcents:<span class=\"Apple-converted-space\">\u00a0<\/span><\/p>\n<p><b>ACTIVITAT: CONTACTE VIA FORMULARI I CORREU ELECTR\u00d2NIC<\/b><\/p>\n<p><b><span class=\"Apple-converted-space\">\u00a0\u00a0<\/span><\/b><\/p>\n<p>PROCED\u00c8NCIA:<span class=\"Apple-converted-space\">\u00a0<\/span><\/p>\n<p>Del mateix Usuari a trav\u00e9s del formulari de contacte, de la finestra emergent del xat en l\u00ednia al lloc web o mitjan\u00e7ant l\u2019enviament de correus electr\u00f2nics a l\u2019adre\u00e7a indicada al Lloc Web:<\/p>\n<p>BASE JUR\u00cdDICA:<\/p>\n<p>Reglament General de Protecci\u00f3 de Dades, en particular:<span class=\"Apple-converted-space\">\u00a0 <\/span>Art. 6.1.a): consentiment de l\u2019Usuari per a un o diversos fins espec\u00edfics.<span class=\"Apple-converted-space\">\u00a0<\/span><\/p>\n<p>FINS TRACTAMENT:<\/p>\n<p>Atendre i respondre les consultes sol\u00b7licitades per l\u2019Usuari.<span class=\"Apple-converted-space\">\u00a0<\/span><\/p>\n<p>COL\u00b7LECTIU: Persones f\u00edsiques, incloses els representants de persones jur\u00eddiques, usuaris del Lloc Web.<span class=\"Apple-converted-space\">\u00a0<\/span><\/p>\n<p>CATEGORIA DE DADES: Nom i Cognoms i correu electr\u00f2nic, aix\u00ed com la resta de dades que el mateix Usuari indiqui al cos del missatge o a trav\u00e9s del xat en l\u00ednia.<\/p>\n<p>DESTINATARIS: No est\u00e0 prevista la cessi\u00f3 de dades a tercers, excepte per obligaci\u00f3 legal o previ consentiment inequ\u00edvoc i informat de l\u2019Usuari.<span class=\"Apple-converted-space\">\u00a0<\/span><\/p>\n<p>TRANSFER\u00c8NCIA INTERNACIONAL: No est\u00e0 prevista la transfer\u00e8ncia internacional de dades.<span class=\"Apple-converted-space\">\u00a0<\/span><\/p>\n<p>TERMINIS DE CONSERVACI\u00d3: Les dades seran conservades durant el termini de temps estrictament necessari par a complir amb la finalitat per la qual van ser recaptades. En qualsevol cas, el termini m\u00e0xim de conservaci\u00f3 ser\u00e0 d\u2019un any.<\/p>\n<p><b>ACTIVITAT: NEWSLETTER<span class=\"Apple-converted-space\">\u00a0<\/span><\/b><\/p>\n<p>PROCED\u00c8NCIA: Del mateix Usuari a trav\u00e9s del formulari de subscripci\u00f3 disponible en el Lloc Web.<\/p>\n<p>BASE JUR\u00cdDICA: Reglament General de Protecci\u00f3 de Dades, en particular: Art. 6.1.a): consentiment de l&#8217;Usuari per a un o diversos fins espec\u00edfics.<span class=\"Apple-converted-space\">\u00a0<\/span><\/p>\n<p>FINALITATS TRACTAMENT: Enviament d\u2019informaci\u00f3 relacionada amb les actualitzacions realitzades, serveis i publicacions de CAPDEBALL.<span class=\"Apple-converted-space\">\u00a0<\/span><\/p>\n<p>COLECTIU: incloses les representants de persones jur\u00eddiques, usuaris del Lloc Web.<span class=\"Apple-converted-space\">\u00a0<\/span><\/p>\n<p>CATEGORIA DE DADES: L&#8217;adre\u00e7a de correu electr\u00f2nic.<span class=\"Apple-converted-space\">\u00a0<\/span><\/p>\n<p>DESTINATARIS: No est\u00e0 prevista la cessi\u00f3 de dades a tercers, excepte obligaci\u00f3 legal o previ consentiment inequ\u00edvoc i informat de l&#8217;Usuari.<span class=\"Apple-converted-space\">\u00a0<\/span><\/p>\n<p>TRANSFER\u00c8NCIA INTERNACIONAL: No est\u00e0 prevista la transfer\u00e8ncia internacional de dades.<span class=\"Apple-converted-space\">\u00a0<\/span><\/p>\n<p>TERMINIS DE CONSERVACI\u00d3: Les dades seran conservades fins que l&#8217;Usuari retiri el seu consentiment o hagi acabat la finalitat per a la qual van ser recaptats, tret que les dades hagin de mantenir-se per una obligaci\u00f3 legal.<span class=\"Apple-converted-space\">\u00a0<\/span><\/p>\n<p><b>4. DADES DE L&#8217;USUARI<span class=\"Apple-converted-space\">\u00a0<\/span><\/b><\/p>\n<p>L&#8217;Usuari garanteix que les dades aportades s\u00f3n ver\u00eddiques, exactes, completes i actualitzades, sent aquest responsable de qualsevol mal o perjudici, directe o indirecte, que pogu\u00e9s ocasionar-se a conseq\u00fc\u00e8ncia de l&#8217;incompliment de tal obligaci\u00f3, m\u00e9s enll\u00e0 de la possibilitat que t\u00e9 l&#8217;Usuari d&#8217;exercir el seu dret de rectificaci\u00f3. En el cas que les dades aportades pertanyessin a un tercer, l&#8217;Usuari garanteix que ha informat dita tercera dels aspectes continguts en aquest document i obtingut la seva autoritzaci\u00f3 per a facilitar les seves dades al responsable per als fins anteriorment assenyalats.<span class=\"Apple-converted-space\">\u00a0<\/span><\/p>\n<p>L&#8217;Empresa efectua totes les mesures que estan al seu abast per a garantir la seguretat i privacitat de la seva informaci\u00f3. Emmagatzema les seves dades en un servidor segur.<\/p>\n<p><b>5. POL\u00cdTICA DE COOKIES<span class=\"Apple-converted-space\">\u00a0<\/span><\/b><\/p>\n<p>De conformitat amb el que es disposa pel RGPD i la Llei 34\/2002, de Serveis de la Societat de la Informaci\u00f3, totes les dades de car\u00e0cter personal obtingudes mitjan\u00e7ant les cookies durant la utilitzaci\u00f3 del Lloc Web seran tractats de conformitat amb els disposat en la Pol\u00edtica de Cookies.<span class=\"Apple-converted-space\">\u00a0<\/span><\/p>\n<p><b>6. EXERCICI DE DRETS<span class=\"Apple-converted-space\">\u00a0<\/span><\/b><\/p>\n<p>De conformitat amb el que es disposa en el RGPD, l&#8217;informem que pot exercir els seus drets d&#8217;<b>acc\u00e9s, rectificaci\u00f3, supressi\u00f3, oposici\u00f3, portabilitat de les dades i limitaci\u00f3 del tractament<\/b> directament davant CAPDEBALL. Per a facilitar l&#8217;exercici d&#8217;aquests drets, l&#8217;Usuari podr\u00e0 accedir online al seg\u00fcent <b>formulari <\/b>d&#8217;exercici de drets, havent d&#8217;atendre&#8217;s la sol\u00b7licitud en el termini m\u00e0xim d&#8217;un (1) mes des de la recepci\u00f3 del formulari, o b\u00e9 podr\u00e0 enviar un missatge a aquest efecte, indicant nom, cognoms, email, n\u00famero de DNI o passaport, a la seg\u00fcent adre\u00e7a de correu electr\u00f2nic: capdeball@capdeball.com L&#8217;Usuari tamb\u00e9 podr\u00e0 exercir els seus drets mitjan\u00e7ant la presentaci\u00f3 d&#8217;una reclamaci\u00f3 davant l&#8217;Ag\u00e8ncia Espanyola de Protecci\u00f3 de Dades.<\/p>\n<p><b>7. ACCEPTACI\u00d3 DE LA POL\u00cdTICA DE PRIVACITAT<span class=\"Apple-converted-space\">\u00a0<\/span><\/b><\/p>\n<p>L&#8217;Usuari <b>RECONEIX I ACCEPTA HAVER LLEGIT I COMPR\u00c8S<\/b> la present Pol\u00edtica de Privacitat el contingut de la qual constitueix la totalitat de l&#8217;acord entre l&#8217;Usuari i CAPDEBALL respecte a l&#8217;\u00fas i tractament de la seva informaci\u00f3 personal. L&#8217;Usuari expressament accepta obligar-se, en els termes de la present Pol\u00edtica de Privacitat, en tota la seva extensi\u00f3 i abast, sense exceptuar cap de les seves disposicions.<span class=\"Apple-converted-space\">\u00a0<\/span><\/p>\n<p><b>\u00a9 2020 *CAPDEBALL, S.L. Tots els drets reservats.<\/b>[\/vc_column_text][\/vc_column][\/vc_row]<\/p>\n<\/div>","protected":false},"excerpt":{"rendered":"<p>[vc_row][vc_column][vc_column_text]POL\u00cdTICA DE PRIVACITAT DE CAPDEBALL S.L. Davant la inquietud d&#8217;accedir a la nostra p\u00e0gina web, li volem informar de la nostra Pol\u00edtica de Privacitat actualitzada i de la destinaci\u00f3 de les dades personals que vost\u00e8 ens facilita, incloent-hi aquelles que recaptem pel fet de navegar al nostre web. IDENTIFICACI\u00d3 DEL RESPONSABLE\u00a0 Titular: CAPDEBALL S.L. (d\u2019ara [&hellip;]<\/p>\n","protected":false},"author":1,"featured_media":0,"parent":0,"menu_order":0,"comment_status":"closed","ping_status":"closed","template":"page-nosidebar.php","meta":{"footnotes":""},"class_list":["post-2887","page","type-page","status-publish","hentry"],"_links":{"self":[{"href":"https:\/\/capdeball.com\/ca\/wp-json\/wp\/v2\/pages\/2887","targetHints":{"allow":["GET"]}}],"collection":[{"href":"https:\/\/capdeball.com\/ca\/wp-json\/wp\/v2\/pages"}],"about":[{"href":"https:\/\/capdeball.com\/ca\/wp-json\/wp\/v2\/types\/page"}],"author":[{"embeddable":true,"href":"https:\/\/capdeball.com\/ca\/wp-json\/wp\/v2\/users\/1"}],"replies":[{"embeddable":true,"href":"https:\/\/capdeball.com\/ca\/wp-json\/wp\/v2\/comments?post=2887"}],"version-history":[{"count":1,"href":"https:\/\/capdeball.com\/ca\/wp-json\/wp\/v2\/pages\/2887\/revisions"}],"predecessor-version":[{"id":2888,"href":"https:\/\/capdeball.com\/ca\/wp-json\/wp\/v2\/pages\/2887\/revisions\/2888"}],"wp:attachment":[{"href":"https:\/\/capdeball.com\/ca\/wp-json\/wp\/v2\/media?parent=2887"}],"curies":[{"name":"wp","href":"https:\/\/api.w.org\/{rel}","templated":true}]}}