{"id":941,"date":"2017-09-26T18:04:46","date_gmt":"2017-09-26T18:04:46","guid":{"rendered":"https:\/\/capdeball.com\/avisolegal\/"},"modified":"2017-10-27T15:13:31","modified_gmt":"2017-10-27T15:13:31","slug":"avislegal","status":"publish","type":"page","link":"https:\/\/capdeball.com\/ca\/avislegal\/","title":{"rendered":"Av\u00eds Legal"},"content":{"rendered":"<div class=\"wpb-content-wrapper\"><p>[vc_row][vc_column][vc_column_text]<b>DADES IDENTIFICATIVES<\/b><br \/>\nEn compliment amb el deure informaci\u00f3 recollit en article 10 de la Llei 34\/2002, d\u201911 de juliol, de Serveis de la Societat de la Informaci\u00f3 i del Comer\u00e7 Electr\u00f2nic, a continuaci\u00f3 es reflecteixen les seg\u00fcents dades: l\u2019empresa titular de domini web \u00e9s Cap de Ball S.L. (d\u2019ara endavant Cap de Ball), amb domicili a aquests efectes en c\/ Adri\u00e0 d\u2019Utrech 1 nombre de C.I.F.: B-55533350 inscrita en el Registre Mercantil de Tarragona. Correu electr\u00f2nic de contacte: capdeball@capdeball.com del lloc web.<\/p>\n<p><b>USUARIS<\/b><br \/>\nL\u2019acc\u00e9s i\/o \u00fas d\u2019aquest portal de Cap de Ball atribueix la condici\u00f3 d\u2019USUARI, que accepta, des d\u2019aquest acc\u00e9s i\/o \u00fas, les Condicions Generals d\u2019\u00fas aqu\u00ed reflectides. Les citades Condicions seran aplicables independentment de les Condicions Generals de Contractaci\u00f3 que si escau resultin d\u2019obligat compliment.<\/p>\n<p><b>\u00daS DEL PORTAL<\/b><br \/>\nCapdeball.com proporciona l\u2019acc\u00e9s a multitud d\u2019informacions, serveis, programes o dades (d\u2019ara endavant, \u201cels continguts\u201d) en Internet pertanyents a Cap de Ball o als seus llicenciadors als quals l\u2019USUARI pugui tenir acc\u00e9s. L\u2019USUARI assumeix la responsabilitat de l\u2019\u00fas del portal. Aquesta responsabilitat s\u2019est\u00e9n al registre que an\u00e9s necessari per accedir a determinats serveis o continguts.<br \/>\nEn aquest registre l\u2019USUARI ser\u00e0 responsable d\u2019aportar informaci\u00f3 vera\u00e7 i l\u00edcita. Com a conseq\u00fc\u00e8ncia d\u2019aquest registre, a l\u2019USUARI se li pot proporcionar una contrasenya de la qual ser\u00e0 responsable,<br \/>\ncomprometent-se a fer un \u00fas diligent i confidencial de la mateixa. L\u2019USUARI es compromet a fer un \u00fas adequat dels continguts i serveis (com per exemple serveis de xat, f\u00f2rums de discussi\u00f3 o grups de not\u00edcies) que Nom de l\u2019empresa creadora del lloc web ofereix a trav\u00e9s del seu portal i amb car\u00e0cter enunciatiu per\u00f2 no limitatiu, a no emprar-los para (i) inc\u00f3rrer en activitats il\u00b7l\u00edcites, il\u00b7legals o contr\u00e0ries a la bona fe i a l\u2019ordre p\u00fablic; (ii) difondre continguts o propaganda de car\u00e0cter racista, xen\u00f2fob, pornogr\u00e0fic-il\u00b7legal, d\u2019apologia del terrorisme o atemptatori contra els drets humans; (iii) provocar danys en els sistemes f\u00edsics i l\u00f2gics de Nom de l\u2019empresa creadora del lloc web , dels seus prove\u00efdors o de terceres persones, introduir o difondre a la xarxa virus inform\u00e0tics o qualssevol altres sistemes f\u00edsics o l\u00f2gics que siguin susceptibles de provocar els danys anteriorment esmentats; (iv) intentar accedir i, si escau, utilitzar els comptes de correu electr\u00f2nic d\u2019altres usuaris i modificar manipular els seus missatges. Nom de l\u2019empresa creadora del lloc web es reserva el dret de retirar tots aquells comentaris i aportacions que vulnerin el respecte a la dignitat de la persona, que siguin discriminatoris, xen\u00f2fobs, racistes, pornogr\u00e0fics, que atemptin contra la joventut o la inf\u00e0ncia, l\u2019ordre o la seguretat p\u00fablica o que, al seu judici, no resultessin adequats per a la seva publicaci\u00f3. En qualsevol cas, Cap de Ball no ser\u00e0 responsable de les opinions abocades pels usuaris a trav\u00e9s dels f\u00f2rums, xats, o altres eines de participaci\u00f3.<\/p>\n<p><b>PROTECCI\u00d3 DE DADES<\/b><br \/>\nCap de Ball compleix amb les directrius de la Llei Org\u00e0nica 15\/1999 de 13 de desembre de Protecci\u00f3 de Dades de Car\u00e0cter Personal, el Reial decret 1720\/2007 de 21 de desembre pel qual s\u2019aprova el Reglament de desenvolupament de la Llei Org\u00e0nica i altra normativa vigent a cada moment, i v\u00e9s-la per garantir un correcte \u00fas i tractament de les dades personals de l\u2019usuari. Per a aix\u00f2, al costat de cada formulari de recapto de dades de car\u00e0cter personal, en els serveis que l\u2019usuari pugui sol\u00b7licitar a capdeball@capdeball.com, far\u00e0 saber a l\u2019usuari de l\u2019exist\u00e8ncia i acceptaci\u00f3 de les condicions particulars del tractament de les seves dades en cada cas, informant-li de la responsabilitat del fitxer creat, l\u2019adre\u00e7a del responsable, la possibilitat d\u2019exercir els seus drets d\u2019acc\u00e9s, rectificaci\u00f3, cancel\u00b7laci\u00f3 o oposici\u00f3, la finalitat del tractament i les comunicacions de dades a tercers si escau.<br \/>\nAix\u00ed mateix, Cap de Ball informa que d\u00f3na compliment a la Llei 34\/2002 d\u201911 de juliol, de Serveis de la Societat de la Informaci\u00f3 i el Comer\u00e7 Electr\u00f2nic i li sol\u00b7licitar\u00e0 el seu consentiment al tractament del seu correu electr\u00f2nic amb finalitats comercials a cada moment.<\/p>\n<p><b>PROPIETAT INTEL\u00b7LECTUAL I INDUSTRIAL<\/b><br \/>\nCap de Ball per si o com a cession\u00e0ria, \u00e9s titular de tots els drets de propietat intel\u00b7lectual i industrial de la seva p\u00e0gina web, aix\u00ed com dels elements continguts en la mateixa (a t\u00edtol enunciatiu, imatges, so, \u00e0udio, v\u00eddeo, programari o textos; marques o logotips, combinacions de colors, estructura i disseny, selecci\u00f3 de materials usats, programes d\u2019ordinador necessaris per al seu funcionament, acc\u00e9s i \u00fas, etc.), titularitat de Cap de Ball o b\u00e9 dels seus llicenciadors.<br \/>\nTots els drets reservats. En virtut del que es disposa en els articles 8 i 32.1, par\u00e0graf segon, de la Llei de Propietat Intel\u00b7lectual, queden expressament prohibides la reproducci\u00f3, la distribuci\u00f3 i la comunicaci\u00f3 p\u00fablica, inclosa la seva modalitat de posada a disposici\u00f3, de la totalitat o part dels continguts d\u2019aquesta p\u00e0gina web, amb finalitats comercials, en qualsevol suport i per qualsevol mitj\u00e0 t\u00e8cnic, sense l\u2019autoritzaci\u00f3 de Cap de Ball. L\u2019USUARI es compromet a respectar els drets de Propietat Intel\u00b7lectual i Industrial titularitat de Cap de Ball. Podr\u00e0 visualitzar els elements del portal i fins i tot imprimir-los, copiar-los i emmagatzemar-los en el disc dur del seu ordinador o en qualsevol altre suport f\u00edsic sempre que sigui, \u00fanica i exclusivament, per al seu \u00fas personal i privat. L\u2019USUARI haur\u00e0 d\u2019abstenir-se de suprimir, alterar, eludir o manipular qualsevol dispositiu de protecci\u00f3 o sistema de seguretat que estigu\u00e9s instal\u00b7lat en el les p\u00e0gines de Cap de Ball.<\/p>\n<p><b>EXCLUSI\u00d3 DE GARANTIES I RESPONSABILITAT<\/b><br \/>\nCap de Ball no es fa responsable, en cap cas, dels danys i perjudicis de qualsevol naturalesa que poguessin ocasionar, a t\u00edtol enunciatiu: errors o omissions en els continguts, falta de disponibilitat del portal o la transmissi\u00f3 de virus o programes maliciosos o lesius en els continguts, malgrat haver adoptat totes les mesures tecnol\u00f2giques necess\u00e0ries per evitar-ho.<\/p>\n<p><b>MODIFICACIONSCapdeball.com<\/b><br \/>\nCap de Ball es reserva el dret d\u2019efectuar sense previ av\u00eds les modificacions que consideri oportunes al seu portal, podent canviar, suprimir o afegir tant els continguts i serveis que es prestin a trav\u00e9s de la mateixa com la forma en la qual aquests apareguin presentats o localitzats al seu portal.<\/p>\n<p><b>ENLLA\u00c7OS<\/b><br \/>\nEn el cas que en Capdeball.com es disposessin enlla\u00e7os o hiperv\u00ednculos feia altres llocs d\u2019Internet, Cap de Ball no exercir\u00e0 cap tipus de control sobre aquests llocs i continguts. En cap cas Cap de Ball assumir\u00e0 responsabilitat alguna pels continguts d\u2019algun enlla\u00e7 pertanyent a un lloc web ali\u00e8, ni garantir\u00e0 la disponibilitat t\u00e8cnica, qualitat, fiabilitat, exactitud, amplitud, veracitat, validesa i constitucionalitat de qualsevol material o informaci\u00f3 continguda en cap d\u2019aquests hiperv\u00ednculos o altres llocs d\u2019Internet.<br \/>\nIgualment la inclusi\u00f3 d\u2019aquestes connexions externes no implicar\u00e0 cap tipus d\u2019associaci\u00f3, fusi\u00f3 o participaci\u00f3 amb les entitats connectades.<br \/>\n<b>DRET D\u2019EXCLUSI\u00d3<\/b><br \/>\nCap de Ball es reserva el dret a denegar o retirar l\u2019acc\u00e9s a portal i\/o els serveis oferts sense necessitat de preav\u00eds, a inst\u00e0ncia pr\u00f2pia o d\u2019un tercer, a aquells usuaris que incompleixin les presents Condicions Generals d\u2019\u00das.<\/p>\n<p><b>GENERALITATS<\/b><br \/>\nCap de Ball perseguir\u00e0 l\u2019incompliment de les presents condicions aix\u00ed com qualsevol utilitzaci\u00f3 indeguda del seu portal exercint totes les accions civils i penals que li puguin correspondre en dret.<\/p>\n<p><b>MODIFICACI\u00d3 DE LES PRESENTS CONDICIONS I DURADA<\/b><br \/>\nCap de Ball podr\u00e0 modificar a qualsevol moment les condicions aqu\u00ed determinades, sent degudament publicades com aqu\u00ed apareixen.<br \/>\nLa vig\u00e8ncia de les citades condicions anir\u00e0 en funci\u00f3 de la seva exposici\u00f3 i estaran vigents fins a degudament publicades. que siguin modificades per unes altres.<\/p>\n<p><b>LEGISLACI\u00d3 APLICABLE I JURISDICCI\u00d3<\/b><br \/>\nLa relaci\u00f3 entre Cap de Ball i l\u2019USUARI es regir\u00e0 per la normativa espanyola vigent i qualsevol controv\u00e8rsia se sotmetr\u00e0 als Jutjats i tribunals de la ciutat de Barcelona.[\/vc_column_text][\/vc_column][\/vc_row]<\/p>\n<\/div>","protected":false},"excerpt":{"rendered":"<p>[vc_row][vc_column][vc_column_text]DADES IDENTIFICATIVES En compliment amb el deure informaci\u00f3 recollit en article 10 de la Llei 34\/2002, d\u201911 de juliol, de Serveis de la Societat de la Informaci\u00f3 i del Comer\u00e7 Electr\u00f2nic, a continuaci\u00f3 es reflecteixen les seg\u00fcents dades: l\u2019empresa titular de domini web \u00e9s Cap de Ball S.L. (d\u2019ara endavant Cap de Ball), amb domicili [&hellip;]<\/p>\n","protected":false},"author":1,"featured_media":0,"parent":0,"menu_order":0,"comment_status":"closed","ping_status":"closed","template":"page-nosidebar.php","meta":{"footnotes":""},"class_list":["post-941","page","type-page","status-publish","hentry"],"_links":{"self":[{"href":"https:\/\/capdeball.com\/ca\/wp-json\/wp\/v2\/pages\/941","targetHints":{"allow":["GET"]}}],"collection":[{"href":"https:\/\/capdeball.com\/ca\/wp-json\/wp\/v2\/pages"}],"about":[{"href":"https:\/\/capdeball.com\/ca\/wp-json\/wp\/v2\/types\/page"}],"author":[{"embeddable":true,"href":"https:\/\/capdeball.com\/ca\/wp-json\/wp\/v2\/users\/1"}],"replies":[{"embeddable":true,"href":"https:\/\/capdeball.com\/ca\/wp-json\/wp\/v2\/comments?post=941"}],"version-history":[{"count":5,"href":"https:\/\/capdeball.com\/ca\/wp-json\/wp\/v2\/pages\/941\/revisions"}],"predecessor-version":[{"id":989,"href":"https:\/\/capdeball.com\/ca\/wp-json\/wp\/v2\/pages\/941\/revisions\/989"}],"wp:attachment":[{"href":"https:\/\/capdeball.com\/ca\/wp-json\/wp\/v2\/media?parent=941"}],"curies":[{"name":"wp","href":"https:\/\/api.w.org\/{rel}","templated":true}]}}